{"id":860,"date":"2025-03-07T13:05:44","date_gmt":"2025-03-07T13:05:44","guid":{"rendered":"https:\/\/valueguard.se\/?post_type=product&#038;p=860"},"modified":"2025-03-14T17:02:47","modified_gmt":"2025-03-14T17:02:47","slug":"valueguard-marknadsrapport-stockholm","status":"publish","type":"product","link":"https:\/\/valueguard.se\/en\/product\/valueguard-marknadsrapport-stockholm\/","title":{"rendered":"Marknadsrapport Stockholm"},"content":{"rendered":"<p>F\u00e5 en djupg\u00e5ende inblick i den svenska bostadsmarknaden med <strong>Marknadsrapport Stockholm<\/strong>\u00a0fr\u00e5n Valueguard. Denna rapport ger en djupg\u00e5ende insikt i prisutvecklingen f\u00f6r bostadsr\u00e4tter och villor i Stockholmsregionen, baserat p\u00e5 det erk\u00e4nda HOX-indexet och aktuell f\u00f6rs\u00e4ljningsstatistik.<\/p>\n<h3><strong>Inneh\u00e5ll:<\/strong><\/h3>\n<ul>\n<li>\u00a0<strong>Senaste bostadspriserna i Stockholm<\/strong> \u2013 detaljerad prisutveckling f\u00f6r b\u00e5de bostadsr\u00e4tter och villor<\/li>\n<li><strong>Statistik per stadsdel och kommun<\/strong> \u2013 omfattande data f\u00f6r Stockholms innerstad, f\u00f6rorter och n\u00e4rliggande kommuner<\/li>\n<li><strong>Marknadsanalyser och prognoser<\/strong> \u2013 experternas syn p\u00e5 den framtida utvecklingen<\/li>\n<li><strong>S\u00e4songseffekter och f\u00f6rs\u00e4ljningsvolymer<\/strong> \u2013 hur efterfr\u00e5gan och priser f\u00f6r\u00e4ndras \u00f6ver \u00e5ret<\/li>\n<li><strong>Makroekonomiska faktorer<\/strong> \u2013 p\u00e5verkan av r\u00e4ntor, syssels\u00e4ttning och hush\u00e5llens k\u00f6pkraft<\/li>\n<\/ul>\n<p>Denna rapport \u00e4r ett oumb\u00e4rligt verktyg f\u00f6r fastighets\u00e4gare, investerare, m\u00e4klare och alla som vill fatta informerade beslut om bostadsmarknaden i Stockholm.<\/p>\n<p><strong>Format:<\/strong> PDF<br \/>\n<strong>Spr\u00e5k: <\/strong>Svenska<strong><br \/>\n<\/strong><strong>Publiceringintervall: <\/strong>M\u00e5nadsvis, f\u00f6reg\u00e5ende m\u00e5nad publiceras i mitten av m\u00e5naden<strong><br \/>\n<\/strong><strong>Utgivare:<\/strong> Valueguard Index Sweden AB<\/p>\n","protected":false},"excerpt":{"rendered":"<p>F\u00e5 en djupg\u00e5ende inblick i den svenska bostadsmarknaden med Marknadsrapport Stockholm\u00a0fr\u00e5n Valueguard. Denna rapport ger en djupg\u00e5ende insikt i prisutvecklingen f\u00f6r bostadsr\u00e4tter och villor i Stockholmsregionen, baserat p\u00e5 det erk\u00e4nda HOX-indexet och aktuell f\u00f6rs\u00e4ljningsstatistik. Inneh\u00e5ll: \u00a0Senaste bostadspriserna i Stockholm \u2013 detaljerad prisutveckling f\u00f6r b\u00e5de bostadsr\u00e4tter och villor Statistik per stadsdel och kommun \u2013 omfattande data [&hellip;]<\/p>\n","protected":false},"featured_media":899,"template":"","meta":[],"product_brand":[],"product_cat":[27],"product_tag":[],"class_list":{"0":"post-860","1":"product","2":"type-product","3":"status-publish","4":"has-post-thumbnail","6":"product_cat-rapporter","8":"first","9":"instock","10":"virtual","11":"taxable","12":"purchasable","13":"product-type-simple"},"yoast_head":"<!-- This site is optimized with the Yoast SEO plugin v27.3 - https:\/\/yoast.com\/product\/yoast-seo-wordpress\/ -->\n<title>Marknadsrapport Stockholm - valueguard.se<\/title>\n<meta name=\"robots\" content=\"index, follow, max-snippet:-1, max-image-preview:large, max-video-preview:-1\" \/>\n<link rel=\"canonical\" href=\"https:\/\/valueguard.se\/en\/product\/valueguard-marknadsrapport-stockholm\/\" \/>\n<meta property=\"og:locale\" content=\"en_US\" \/>\n<meta property=\"og:type\" content=\"article\" \/>\n<meta property=\"og:title\" content=\"Marknadsrapport Stockholm - valueguard.se\" \/>\n<meta property=\"og:description\" content=\"F\u00e5 en djupg\u00e5ende inblick i den svenska bostadsmarknaden med Marknadsrapport Stockholm\u00a0fr\u00e5n Valueguard. Denna rapport ger en djupg\u00e5ende insikt i prisutvecklingen f\u00f6r bostadsr\u00e4tter och villor i Stockholmsregionen, baserat p\u00e5 det erk\u00e4nda HOX-indexet och aktuell f\u00f6rs\u00e4ljningsstatistik. Inneh\u00e5ll: \u00a0Senaste bostadspriserna i Stockholm \u2013 detaljerad prisutveckling f\u00f6r b\u00e5de bostadsr\u00e4tter och villor Statistik per stadsdel och kommun \u2013 omfattande data [&hellip;]\" \/>\n<meta property=\"og:url\" content=\"https:\/\/valueguard.se\/en\/product\/valueguard-marknadsrapport-stockholm\/\" \/>\n<meta property=\"og:site_name\" content=\"valueguard.se\" \/>\n<meta property=\"article:modified_time\" content=\"2025-03-14T17:02:47+00:00\" \/>\n<meta property=\"og:image\" content=\"https:\/\/valueguard.se\/wp-content\/uploads\/2025\/03\/Marknadsrapport-Stockholm.jpg\" \/>\n\t<meta property=\"og:image:width\" content=\"1080\" \/>\n\t<meta property=\"og:image:height\" content=\"1080\" \/>\n\t<meta property=\"og:image:type\" content=\"image\/jpeg\" \/>\n<meta name=\"twitter:card\" content=\"summary_large_image\" \/>\n<meta name=\"twitter:label1\" content=\"Est. reading time\" \/>\n\t<meta name=\"twitter:data1\" content=\"1 minute\" \/>\n<script type=\"application\/ld+json\" class=\"yoast-schema-graph\">{\"@context\":\"https:\\\/\\\/schema.org\",\"@graph\":[{\"@type\":\"WebPage\",\"@id\":\"https:\\\/\\\/valueguard.se\\\/en\\\/product\\\/valueguard-marknadsrapport-stockholm\\\/\",\"url\":\"https:\\\/\\\/valueguard.se\\\/en\\\/product\\\/valueguard-marknadsrapport-stockholm\\\/\",\"name\":\"Marknadsrapport Stockholm - valueguard.se\",\"isPartOf\":{\"@id\":\"https:\\\/\\\/valueguard.se\\\/en\\\/#website\"},\"primaryImageOfPage\":{\"@id\":\"https:\\\/\\\/valueguard.se\\\/en\\\/product\\\/valueguard-marknadsrapport-stockholm\\\/#primaryimage\"},\"image\":{\"@id\":\"https:\\\/\\\/valueguard.se\\\/en\\\/product\\\/valueguard-marknadsrapport-stockholm\\\/#primaryimage\"},\"thumbnailUrl\":\"https:\\\/\\\/valueguard.se\\\/wp-content\\\/uploads\\\/2025\\\/03\\\/Marknadsrapport-Stockholm.jpg\",\"datePublished\":\"2025-03-07T13:05:44+00:00\",\"dateModified\":\"2025-03-14T17:02:47+00:00\",\"breadcrumb\":{\"@id\":\"https:\\\/\\\/valueguard.se\\\/en\\\/product\\\/valueguard-marknadsrapport-stockholm\\\/#breadcrumb\"},\"inLanguage\":\"en-US\",\"potentialAction\":[{\"@type\":\"ReadAction\",\"target\":[\"https:\\\/\\\/valueguard.se\\\/en\\\/product\\\/valueguard-marknadsrapport-stockholm\\\/\"]}]},{\"@type\":\"ImageObject\",\"inLanguage\":\"en-US\",\"@id\":\"https:\\\/\\\/valueguard.se\\\/en\\\/product\\\/valueguard-marknadsrapport-stockholm\\\/#primaryimage\",\"url\":\"https:\\\/\\\/valueguard.se\\\/wp-content\\\/uploads\\\/2025\\\/03\\\/Marknadsrapport-Stockholm.jpg\",\"contentUrl\":\"https:\\\/\\\/valueguard.se\\\/wp-content\\\/uploads\\\/2025\\\/03\\\/Marknadsrapport-Stockholm.jpg\",\"width\":1080,\"height\":1080},{\"@type\":\"BreadcrumbList\",\"@id\":\"https:\\\/\\\/valueguard.se\\\/en\\\/product\\\/valueguard-marknadsrapport-stockholm\\\/#breadcrumb\",\"itemListElement\":[{\"@type\":\"ListItem\",\"position\":1,\"name\":\"Hem\",\"item\":\"https:\\\/\\\/valueguard.se\\\/en\\\/\"},{\"@type\":\"ListItem\",\"position\":2,\"name\":\"Shop\",\"item\":\"https:\\\/\\\/valueguard.se\\\/shop\\\/\"},{\"@type\":\"ListItem\",\"position\":3,\"name\":\"Marknadsrapport Stockholm\"}]},{\"@type\":\"WebSite\",\"@id\":\"https:\\\/\\\/valueguard.se\\\/en\\\/#website\",\"url\":\"https:\\\/\\\/valueguard.se\\\/en\\\/\",\"name\":\"valueguard.se\",\"description\":\"\",\"publisher\":{\"@id\":\"https:\\\/\\\/valueguard.se\\\/en\\\/#organization\"},\"potentialAction\":[{\"@type\":\"SearchAction\",\"target\":{\"@type\":\"EntryPoint\",\"urlTemplate\":\"https:\\\/\\\/valueguard.se\\\/en\\\/?s={search_term_string}\"},\"query-input\":{\"@type\":\"PropertyValueSpecification\",\"valueRequired\":true,\"valueName\":\"search_term_string\"}}],\"inLanguage\":\"en-US\"},{\"@type\":\"Organization\",\"@id\":\"https:\\\/\\\/valueguard.se\\\/en\\\/#organization\",\"name\":\"valueguard.se\",\"url\":\"https:\\\/\\\/valueguard.se\\\/en\\\/\",\"logo\":{\"@type\":\"ImageObject\",\"inLanguage\":\"en-US\",\"@id\":\"https:\\\/\\\/valueguard.se\\\/en\\\/#\\\/schema\\\/logo\\\/image\\\/\",\"url\":\"https:\\\/\\\/valueguard.se\\\/wp-content\\\/uploads\\\/2024\\\/09\\\/Valueguard_logo_340x156.png\",\"contentUrl\":\"https:\\\/\\\/valueguard.se\\\/wp-content\\\/uploads\\\/2024\\\/09\\\/Valueguard_logo_340x156.png\",\"width\":340,\"height\":156,\"caption\":\"valueguard.se\"},\"image\":{\"@id\":\"https:\\\/\\\/valueguard.se\\\/en\\\/#\\\/schema\\\/logo\\\/image\\\/\"},\"sameAs\":[\"https:\\\/\\\/www.linkedin.com\\\/company\\\/valueguard-index-sweden\"]}]}<\/script>\n<!-- \/ Yoast SEO plugin. -->","yoast_head_json":{"title":"Marknadsrapport Stockholm - valueguard.se","robots":{"index":"index","follow":"follow","max-snippet":"max-snippet:-1","max-image-preview":"max-image-preview:large","max-video-preview":"max-video-preview:-1"},"canonical":"https:\/\/valueguard.se\/en\/product\/valueguard-marknadsrapport-stockholm\/","og_locale":"en_US","og_type":"article","og_title":"Marknadsrapport Stockholm - valueguard.se","og_description":"F\u00e5 en djupg\u00e5ende inblick i den svenska bostadsmarknaden med Marknadsrapport Stockholm\u00a0fr\u00e5n Valueguard. Denna rapport ger en djupg\u00e5ende insikt i prisutvecklingen f\u00f6r bostadsr\u00e4tter och villor i Stockholmsregionen, baserat p\u00e5 det erk\u00e4nda HOX-indexet och aktuell f\u00f6rs\u00e4ljningsstatistik. Inneh\u00e5ll: \u00a0Senaste bostadspriserna i Stockholm \u2013 detaljerad prisutveckling f\u00f6r b\u00e5de bostadsr\u00e4tter och villor Statistik per stadsdel och kommun \u2013 omfattande data [&hellip;]","og_url":"https:\/\/valueguard.se\/en\/product\/valueguard-marknadsrapport-stockholm\/","og_site_name":"valueguard.se","article_modified_time":"2025-03-14T17:02:47+00:00","og_image":[{"width":1080,"height":1080,"url":"https:\/\/valueguard.se\/wp-content\/uploads\/2025\/03\/Marknadsrapport-Stockholm.jpg","type":"image\/jpeg"}],"twitter_card":"summary_large_image","twitter_misc":{"Est. reading time":"1 minute"},"schema":{"@context":"https:\/\/schema.org","@graph":[{"@type":"WebPage","@id":"https:\/\/valueguard.se\/en\/product\/valueguard-marknadsrapport-stockholm\/","url":"https:\/\/valueguard.se\/en\/product\/valueguard-marknadsrapport-stockholm\/","name":"Marknadsrapport Stockholm - valueguard.se","isPartOf":{"@id":"https:\/\/valueguard.se\/en\/#website"},"primaryImageOfPage":{"@id":"https:\/\/valueguard.se\/en\/product\/valueguard-marknadsrapport-stockholm\/#primaryimage"},"image":{"@id":"https:\/\/valueguard.se\/en\/product\/valueguard-marknadsrapport-stockholm\/#primaryimage"},"thumbnailUrl":"https:\/\/valueguard.se\/wp-content\/uploads\/2025\/03\/Marknadsrapport-Stockholm.jpg","datePublished":"2025-03-07T13:05:44+00:00","dateModified":"2025-03-14T17:02:47+00:00","breadcrumb":{"@id":"https:\/\/valueguard.se\/en\/product\/valueguard-marknadsrapport-stockholm\/#breadcrumb"},"inLanguage":"en-US","potentialAction":[{"@type":"ReadAction","target":["https:\/\/valueguard.se\/en\/product\/valueguard-marknadsrapport-stockholm\/"]}]},{"@type":"ImageObject","inLanguage":"en-US","@id":"https:\/\/valueguard.se\/en\/product\/valueguard-marknadsrapport-stockholm\/#primaryimage","url":"https:\/\/valueguard.se\/wp-content\/uploads\/2025\/03\/Marknadsrapport-Stockholm.jpg","contentUrl":"https:\/\/valueguard.se\/wp-content\/uploads\/2025\/03\/Marknadsrapport-Stockholm.jpg","width":1080,"height":1080},{"@type":"BreadcrumbList","@id":"https:\/\/valueguard.se\/en\/product\/valueguard-marknadsrapport-stockholm\/#breadcrumb","itemListElement":[{"@type":"ListItem","position":1,"name":"Hem","item":"https:\/\/valueguard.se\/en\/"},{"@type":"ListItem","position":2,"name":"Shop","item":"https:\/\/valueguard.se\/shop\/"},{"@type":"ListItem","position":3,"name":"Marknadsrapport Stockholm"}]},{"@type":"WebSite","@id":"https:\/\/valueguard.se\/en\/#website","url":"https:\/\/valueguard.se\/en\/","name":"valueguard.se","description":"","publisher":{"@id":"https:\/\/valueguard.se\/en\/#organization"},"potentialAction":[{"@type":"SearchAction","target":{"@type":"EntryPoint","urlTemplate":"https:\/\/valueguard.se\/en\/?s={search_term_string}"},"query-input":{"@type":"PropertyValueSpecification","valueRequired":true,"valueName":"search_term_string"}}],"inLanguage":"en-US"},{"@type":"Organization","@id":"https:\/\/valueguard.se\/en\/#organization","name":"valueguard.se","url":"https:\/\/valueguard.se\/en\/","logo":{"@type":"ImageObject","inLanguage":"en-US","@id":"https:\/\/valueguard.se\/en\/#\/schema\/logo\/image\/","url":"https:\/\/valueguard.se\/wp-content\/uploads\/2024\/09\/Valueguard_logo_340x156.png","contentUrl":"https:\/\/valueguard.se\/wp-content\/uploads\/2024\/09\/Valueguard_logo_340x156.png","width":340,"height":156,"caption":"valueguard.se"},"image":{"@id":"https:\/\/valueguard.se\/en\/#\/schema\/logo\/image\/"},"sameAs":["https:\/\/www.linkedin.com\/company\/valueguard-index-sweden"]}]}},"_links":{"self":[{"href":"https:\/\/valueguard.se\/en\/wp-json\/wp\/v2\/product\/860","targetHints":{"allow":["GET"]}}],"collection":[{"href":"https:\/\/valueguard.se\/en\/wp-json\/wp\/v2\/product"}],"about":[{"href":"https:\/\/valueguard.se\/en\/wp-json\/wp\/v2\/types\/product"}],"wp:featuredmedia":[{"embeddable":true,"href":"https:\/\/valueguard.se\/en\/wp-json\/wp\/v2\/media\/899"}],"wp:attachment":[{"href":"https:\/\/valueguard.se\/en\/wp-json\/wp\/v2\/media?parent=860"}],"wp:term":[{"taxonomy":"product_brand","embeddable":true,"href":"https:\/\/valueguard.se\/en\/wp-json\/wp\/v2\/product_brand?post=860"},{"taxonomy":"product_cat","embeddable":true,"href":"https:\/\/valueguard.se\/en\/wp-json\/wp\/v2\/product_cat?post=860"},{"taxonomy":"product_tag","embeddable":true,"href":"https:\/\/valueguard.se\/en\/wp-json\/wp\/v2\/product_tag?post=860"}],"curies":[{"name":"wp","href":"https:\/\/api.w.org\/{rel}","templated":true}]}}